{"id":92,"date":"2018-02-27T10:56:25","date_gmt":"2018-02-27T10:56:25","guid":{"rendered":"http:\/\/bridge170.qodeinteractive.com\/?page_id=92"},"modified":"2020-08-27T14:45:40","modified_gmt":"2020-08-27T12:45:40","slug":"inicio","status":"publish","type":"page","link":"https:\/\/tuultimavoluntad.es\/","title":{"rendered":"INICIO"},"content":{"rendered":"<p>[vc_row css_animation=\u00bb\u00bb row_type=\u00bbrow\u00bb use_row_as_full_screen_section=\u00bbno\u00bb type=\u00bbfull_width\u00bb angled_section=\u00bbno\u00bb text_align=\u00bbleft\u00bb background_image_as_pattern=\u00bbwithout_pattern\u00bb][vc_column][rev_slider_vc alias=\u00bbhome\u00bb][\/vc_column][\/vc_row][vc_row css_animation=\u00bb\u00bb row_type=\u00bbrow\u00bb use_row_as_full_screen_section=\u00bbno\u00bb type=\u00bbgrid\u00bb angled_section=\u00bbno\u00bb text_align=\u00bbcenter\u00bb background_image_as_pattern=\u00bbwithout_pattern\u00bb z_index=\u00bb\u00bb css=\u00bb.vc_custom_1598527052611{padding-top: 116px !important;padding-bottom: 80px !important;background-image: url(http:\/\/bridge170.qodeinteractive.com\/wp-content\/uploads\/2018\/02\/home-background-img-1.jpg?id=22) !important;}\u00bb][vc_column][vc_column_text]<\/p>\n<h2>LO HACEMOS POR TI<\/h2>\n<p>[\/vc_column_text][qode_elements_holder number_of_columns=\u00bbone_column\u00bb][qode_elements_holder_item advanced_animations=\u00bbno\u00bb item_padding=\u00bb25px 21% 0px\u00bb item_padding_1280_1440=\u00bb25px 19% 0px\u00bb item_padding_1024_1280=\u00bb25px 17% 0px\u00bb item_padding_768_1024=\u00bb25px 12% 0px\u00bb item_padding_600_768=\u00bb25px 3% 0px\u00bb item_padding_480_600=\u00bb25px 2% 0px\u00bb item_padding_480=\u00bb25px 2% 0px\u00bb][\/qode_elements_holder_item][\/qode_elements_holder][vc_column_text css=\u00bb.vc_custom_1598527540141{background-image: url(http:\/\/tuultimavoluntad.es\/wp-content\/uploads\/2020\/08\/fondo-blanco.jpg?id=300) !important;}\u00bb]<\/p>\n<h5>En TU \u00daLTIMA VOLUNTAD nos dedicamos a preservar tu legado a trav\u00e9s de nuestra web. Registrate y podr\u00e1s almacenar de manera segura tus \u00faltimos deseos, dejar \u00a0mensajes para amigos, familiares y seres queridos e inscribir a los beneficiarios de confianza para recibir sus deseos finales y abordar sus \u00faltimas consideraciones despu\u00e9s de su fallecimiento.<\/h5>\n<p>&nbsp;<\/p>\n<h5>Entendemos lo dif\u00edcil que es lidiar con la idea de no poder expresar tus \u00faltimos deseos, por lo que nuestra plataforma hace que sea tan simple, conveniente y econ\u00f3mico como sea posible registrarlos y preservarlos en un lugar seguro y ante notario.\u00a0 Dejar\u00e1s un regalo invaluable a tus seres queridos: instrucciones claras sobre c\u00f3mo quieres honrar tu vida y tu legado, as\u00ed como la oportunidad de dejar despedidas significativas para aquellos que m\u00e1s te importan.<\/h5>\n<p>&nbsp;<\/p>\n<h5>Ten en cuenta que TU ULTIMA VOLUNTAD est\u00e1 destinado a salvaguardar lo m\u00e1s preciado de todos: sus recuerdos. Nuestro tramite no reemplaza a\u00a0 un documento legal, como un testamento o un plan patrimonial, ni es un repositorio para cosas como informaci\u00f3n de cuentas financieras, contrase\u00f1as, detalles de p\u00f3lizas de seguros o similares.<\/h5>\n<p>[\/vc_column_text][qode_elements_holder number_of_columns=\u00bbone_column\u00bb][qode_elements_holder_item vertical_alignment=\u00bbmiddle\u00bb horizontal_alignment=\u00bbcenter\u00bb advanced_animations=\u00bbno\u00bb item_padding=\u00bb25px 21% 0px\u00bb item_padding_1280_1440=\u00bb25px 19% 0px\u00bb item_padding_1024_1280=\u00bb25px 17% 0px\u00bb item_padding_768_1024=\u00bb25px 12% 0px\u00bb item_padding_600_768=\u00bb25px 3% 0px\u00bb item_padding_480_600=\u00bb25px 2% 0px\u00bb item_padding_480=\u00bb25px 2% 0px\u00bb][\/qode_elements_holder_item][\/qode_elements_holder][vc_row_inner row_type=\u00bbrow\u00bb type=\u00bbfull_width\u00bb text_align=\u00bbcenter\u00bb css_animation=\u00bb\u00bb css=\u00bb.vc_custom_1519652355432{padding-top: 65px !important;}\u00bb][vc_column_inner offset=\u00bbvc_col-md-4&#8243;]<div class=\"image_with_text\"><img itemprop=\"image\" src=\"https:\/\/tuultimavoluntad.es\/wp-content\/uploads\/2020\/08\/Tulistadedeseos_tuultimavoluntad-scaled.jpg\" alt=\"TU LISTA DE DESEOS\" \/><h4 >TU LISTA DE DESEOS<\/h4><span style=\"margin: 6px 0px;\" class=\"separator transparent\"><\/span>Cu\u00e9ntanos tu lista de deseos y \u00faltimas voluntades y elaboraremos un presupuesto a tu medida.<\/div>[vc_empty_space height=\u00bb40px\u00bb][\/vc_column_inner][vc_column_inner offset=\u00bbvc_col-md-4&#8243;]<div class=\"image_with_text\"><img itemprop=\"image\" src=\"https:\/\/tuultimavoluntad.es\/wp-content\/uploads\/2020\/08\/notario_ultimavoluntad-scaled.jpg\" alt=\"FORMALIZAMOS LA DOCUMENTACI\u00d3N\" \/><h4 >FORMALIZAMOS LA DOCUMENTACI\u00d3N<\/h4><span style=\"margin: 6px 0px;\" class=\"separator transparent\"><\/span>Una vez aceptes el presupuesto formalizaremos toda la documentaci\u00f3n ante notario.<\/div>[vc_empty_space height=\u00bb40px\u00bb][\/vc_column_inner][vc_column_inner offset=\u00bbvc_col-md-4&#8243;]<div class=\"image_with_text\"><img itemprop=\"image\" src=\"https:\/\/tuultimavoluntad.es\/wp-content\/uploads\/2020\/08\/vueloenglobo_tuultimavoluntad.jpg\" alt=\"CUMPLIMOS TU \u00daLTIMA VOLUNTAD\" \/><h4 >CUMPLIMOS TU \u00daLTIMA VOLUNTAD<\/h4><span style=\"margin: 6px 0px;\" class=\"separator transparent\"><\/span>Una vez llegue el d\u00eda de tu despedida nos encargaremos de realizar tus \u00faltimas voluntadades y lo acreditaremos ante notario.<\/div>[vc_empty_space height=\u00bb40px\u00bb][\/vc_column_inner][\/vc_row_inner][\/vc_column][\/vc_row][vc_row row_type=\u00bbparallax\u00bb parallax_content_width=\u00bbin_grid\u00bb text_align=\u00bbcenter\u00bb full_screen_section_height=\u00bbno\u00bb background_image=\u00bb207&#8243;][vc_column]<div class='testimonials_c_holder clearfix dark'><div class=\"testimonials_c testimonials_c_carousel\" data-show-navigation=\"yes\" data-animation-speed=\"\" data-auto-rotate-slides=\"3\" data-number-per-slide=\"1\"><ul class=\"slides\"><li id=\"testimonials-c-38\" class=\"testimonial_content\"><div class=\"testimonial_content_inner\"><div class=\"testimonial_text_holder\"><div class=\"testimonial_text_inner\" style=\"\"><p style='font-size:\u201cMientras haya amor y recuerdo, no hay muerte verdadera.\u201dpx;'>\u201cNo dejes cabos sueltos y mu\u00e9rete tranquilo.\u201d<\/p><p class=\"testimonial_author\" style=\"font-size: CASSANDRA CLAREpx;\">Tu \u00daltima Voluntad<\/p><\/div><\/div><\/div><\/li><\/ul><\/div><\/div>[qode_elements_holder number_of_columns=\u00bbone_column\u00bb][qode_elements_holder_item vertical_alignment=\u00bbmiddle\u00bb horizontal_alignment=\u00bbcenter\u00bb advanced_animations=\u00bbno\u00bb item_padding=\u00bb80px 0% 0px\u00bb][vc_single_image image=\u00bb39&#8243; img_size=\u00bbmedium\u00bb alignment=\u00bbcenter\u00bb qode_css_animation=\u00bb\u00bb][\/qode_elements_holder_item][\/qode_elements_holder][qode_elements_holder number_of_columns=\u00bbone_column\u00bb][qode_elements_holder_item advanced_animations=\u00bbno\u00bb item_padding=\u00bb0px 15% 92px\u00bb item_padding_1280_1440=\u00bb0px 12% 92px\u00bb item_padding_1024_1280=\u00bb0px 10% 92px\u00bb item_padding_768_1024=\u00bb0px 2% 92px\u00bb item_padding_600_768=\u00bb0px 2% 92px\u00bb item_padding_480_600=\u00bb0px 0% 90px\u00bb item_padding_480=\u00bb0px 0% 90px\u00bb][\/qode_elements_holder_item][\/qode_elements_holder][\/vc_column][\/vc_row][vc_row css_animation=\u00bb\u00bb row_type=\u00bbrow\u00bb use_row_as_full_screen_section=\u00bbno\u00bb type=\u00bbgrid\u00bb angled_section=\u00bbno\u00bb text_align=\u00bbcenter\u00bb background_image_as_pattern=\u00bbwithout_pattern\u00bb z_index=\u00bb\u00bb css=\u00bb.vc_custom_1519656738386{padding-top: 116px !important;padding-bottom: 58px !important;background-image: url(http:\/\/bridge170.qodeinteractive.com\/wp-content\/uploads\/2018\/02\/home-background-img-2.jpg?id=23) !important;background-position: center !important;background-repeat: no-repeat !important;background-size: cover !important;}\u00bb][vc_column][vc_column_text]<\/p>\n<h2>TE INSPIRAMOS<\/h2>\n<p>[\/vc_column_text][qode_elements_holder number_of_columns=\u00bbone_column\u00bb][qode_elements_holder_item advanced_animations=\u00bbno\u00bb item_padding=\u00bb25px 21% 0px\u00bb item_padding_1280_1440=\u00bb25px 19% 0px\u00bb item_padding_1024_1280=\u00bb25px 17% 0px\u00bb item_padding_768_1024=\u00bb25px 12% 0px\u00bb item_padding_600_768=\u00bb25px 3% 0px\u00bb item_padding_480_600=\u00bb25px 2% 0px\u00bb item_padding_480=\u00bb25px 2% 0px\u00bb][vc_column_text]<\/p>\n<h5>Te ayudaremos a plasmar tu idea en un bonito recuerdo para tus seres queridos as\u00ed como materializar tu \u00faltimo deseo cuando ya no est\u00e9s.<\/h5>\n<p>[\/vc_column_text][\/qode_elements_holder_item][\/qode_elements_holder][vc_row_inner row_type=\u00bbrow\u00bb type=\u00bbfull_width\u00bb text_align=\u00bbcenter\u00bb css_animation=\u00bb\u00bb css=\u00bb.vc_custom_1598520876301{padding-top: 63px !important;}\u00bb][vc_column_inner offset=\u00bbvc_col-lg-3 vc_col-md-6&#8243;]<div class='q_team info_description_below_image' style='background-color:rgba(255,255,255,0.01);'><div class='q_team_inner'><div class='q_team_image'><div class='q_team_image_holder'><img itemprop='image' src='https:\/\/tuultimavoluntad.es\/wp-content\/uploads\/2020\/08\/Mascotaanciana_tuutlimavoluntad.jpg' alt='Mascotaanciana_tuutlimavoluntad' \/><\/div><div class='q_team_text' ><div class='q_team_text_inner'><div class='q_team_title_holder'><h4 class='q_team_name' style = 'color: #1c1c1c;'>PIENSA EN TU MASCOTA<\/h4><span style = 'color: #1e73be;'>\u00bfQuieres que tenga los mejores cuidados? \u00bfun nuevo hogar de adopci\u00f3n?<\/span><\/div><div class='q_team_description_below_image_wrapper'><div class='q_team_description'><div class='q_team_description_inner'><p>\u2714 Lista de deseos<\/p><\/div><\/div><\/div><\/div><\/div><div class='q_team_social_holder'><\/div><\/div><\/div><\/div>[vc_empty_space height=\u00bb40px\u00bb][\/vc_column_inner][vc_column_inner offset=\u00bbvc_col-lg-3 vc_col-md-6&#8243;]<div class='q_team info_description_below_image' style='background-color:rgba(255,255,255,0.01);'><div class='q_team_inner'><div class='q_team_image'><div class='q_team_image_holder'><img itemprop='image' src='https:\/\/tuultimavoluntad.es\/wp-content\/uploads\/2020\/08\/tuutlimoviaje_tuultimavoluntad.jpg' alt='tuutlimoviaje_tuultimavoluntad' \/><\/div><div class='q_team_text' ><div class='q_team_text_inner'><div class='q_team_title_holder'><h4 class='q_team_name' style = ''>TU \u00daLTIMO VIAJE<\/h4><span style = 'color: #1e73be;'>\u00bfQuieres que llevemos tus cenizas a un lugar especial? \u00bfque destino te gustar\u00eda?<\/span><\/div><div class='q_team_description_below_image_wrapper'><div class='q_team_description'><div class='q_team_description_inner'><p>\u2714 Lista de deseos<\/p><\/div><\/div><\/div><\/div><\/div><div class='q_team_social_holder'><\/div><\/div><\/div><\/div>[vc_empty_space height=\u00bb40px\u00bb][\/vc_column_inner][vc_column_inner offset=\u00bbvc_col-lg-3 vc_col-md-6&#8243;]<div class='q_team info_description_below_image' style='background-color:rgba(255,255,255,0.01);'><div class='q_team_inner'><div class='q_team_image'><div class='q_team_image_holder'><img itemprop='image' src='https:\/\/tuultimavoluntad.es\/wp-content\/uploads\/2020\/08\/funeralpersonalizado_musicaendirecto.jpg' alt='funeralpersonalizado_musicaendirecto' \/><\/div><div class='q_team_text' ><div class='q_team_text_inner'><div class='q_team_title_holder'><h4 class='q_team_name' style = ''>FUNERAL A TU MANERA<\/h4><span style = 'color: #1e73be;'>\u00bfCon m\u00fasica en directo? \u00bfrealizarlo en el lugar donde desempe\u00f1as tu afici\u00f3n?<\/span><\/div><div class='q_team_description_below_image_wrapper'><div class='q_team_description'><div class='q_team_description_inner'><p>\u2714 Lista de deseos<\/p><\/div><\/div><\/div><\/div><\/div><div class='q_team_social_holder'><\/div><\/div><\/div><\/div>[vc_empty_space height=\u00bb40px\u00bb][\/vc_column_inner][vc_column_inner offset=\u00bbvc_col-lg-3 vc_col-md-6&#8243;]<div class='q_team info_description_below_image' style='background-color:rgba(255,255,255,0.01);'><div class='q_team_inner'><div class='q_team_image'><div class='q_team_image_holder'><img itemprop='image' src='https:\/\/tuultimavoluntad.es\/wp-content\/uploads\/2020\/08\/dejaunmensajefuneral_tuultimavoluntad-scaled.jpg' alt='Old man standing on gray backround with his granddaughter' \/><\/div><div class='q_team_text' ><div class='q_team_text_inner'><div class='q_team_title_holder'><h4 class='q_team_name' style = ''>GRABA UN MENSAJE<\/h4><span style = 'color: #1e73be;'>\u00bfTe gustar\u00eda dejar un mensaje audiovisual a alguien? \u00bfC\u00f3mo quieres que te recuerden?<\/span><\/div><div class='q_team_description_below_image_wrapper'><div class='q_team_description'><div class='q_team_description_inner'><p>\u2714 Lista de deseos<\/p><\/div><\/div><\/div><\/div><\/div><div class='q_team_social_holder'><\/div><\/div><\/div><\/div>[vc_empty_space height=\u00bb40px\u00bb][\/vc_column_inner][\/vc_row_inner][\/vc_column][\/vc_row][vc_row css_animation=\u00bb\u00bb row_type=\u00bbrow\u00bb use_row_as_full_screen_section=\u00bbno\u00bb type=\u00bbgrid\u00bb angled_section=\u00bbno\u00bb text_align=\u00bbleft\u00bb background_image_as_pattern=\u00bbwithout_pattern\u00bb css=\u00bb.vc_custom_1598520832734{background-color: #1e73be !important;}\u00bb z_index=\u00bb\u00bb][vc_column][qode_elements_holder number_of_columns=\u00bbone_column\u00bb][qode_elements_holder_item advanced_animations=\u00bbno\u00bb item_padding=\u00bb0px 18%\u00bb item_padding_1280_1440=\u00bb0px 11%\u00bb item_padding_1024_1280=\u00bb0px 10%\u00bb item_padding_768_1024=\u00bb0px 5%\u00bb item_padding_600_768=\u00bb0px 10%\u00bb item_padding_480_600=\u00bb0px\u00bb item_padding_480=\u00bb0px\u00bb]<div class=\"call_to_action normal\" style=\"background-color: #1e73be;padding-top: 35px;padding-bottom: 35px;\"><div class=\"two_columns_75_25 clearfix\"><div class=\"text_wrapper column1\"><div class=\"call_to_action_text \" style=\"\">\n<h3><span style=\"color: #ffffff; line-height: 36px;\">\u00a1No esperes! <span style=\"font-style: italic; text-transform: none; font-size: 22px; line-height: 32px;\"> Prepara ya tu despedida.<\/span><\/span><\/h3>\n<\/div><\/div><div class=\"button_wrapper column2\"><a itemprop=\"url\" href=\"#\" class=\"qbutton white \" target=\"_self\" style=\"color: #1e73be;border-color: #1e73be;background-color: #ffffff;\" data-hover-background-color=#1e73be data-hover-border-color=#ffffff data-hover-color=#ffffff>Cont\u00e1ctanos<\/a><\/div><\/div><\/div>[\/qode_elements_holder_item][\/qode_elements_holder][\/vc_column][\/vc_row]<\/p>\n","protected":false},"excerpt":{"rendered":"<p>[vc_row css_animation=\u00bb\u00bb row_type=\u00bbrow\u00bb use_row_as_full_screen_section=\u00bbno\u00bb type=\u00bbfull_width\u00bb angled_section=\u00bbno\u00bb text_align=\u00bbleft\u00bb background_image_as_pattern=\u00bbwithout_pattern\u00bb][vc_column][rev_slider_vc alias=\u00bbhome\u00bb][\/vc_column][\/vc_row][vc_row css_animation=\u00bb\u00bb row_type=\u00bbrow\u00bb use_row_as_full_screen_section=\u00bbno\u00bb type=\u00bbgrid\u00bb angled_section=\u00bbno\u00bb text_align=\u00bbcenter\u00bb background_image_as_pattern=\u00bbwithout_pattern\u00bb z_index=\u00bb\u00bb css=\u00bb.vc_custom_1598527052611{padding-top: 116px !important;padding-bottom: 80px !important;background-image: url(http:\/\/bridge170.qodeinteractive.com\/wp-content\/uploads\/2018\/02\/home-background-img-1.jpg?id=22) !important;}\u00bb][vc_column][vc_column_text] LO HACEMOS POR TI [\/vc_column_text][qode_elements_holder number_of_columns=\u00bbone_column\u00bb][qode_elements_holder_item advanced_animations=\u00bbno\u00bb item_padding=\u00bb25px 21% 0px\u00bb item_padding_1280_1440=\u00bb25px 19% 0px\u00bb item_padding_1024_1280=\u00bb25px 17% 0px\u00bb item_padding_768_1024=\u00bb25px 12% 0px\u00bb item_padding_600_768=\u00bb25px 3%&#8230;<\/p>\n","protected":false},"author":1,"featured_media":0,"parent":0,"menu_order":0,"comment_status":"closed","ping_status":"closed","template":"full_width.php","meta":[],"_links":{"self":[{"href":"https:\/\/tuultimavoluntad.es\/index.php\/wp-json\/wp\/v2\/pages\/92"}],"collection":[{"href":"https:\/\/tuultimavoluntad.es\/index.php\/wp-json\/wp\/v2\/pages"}],"about":[{"href":"https:\/\/tuultimavoluntad.es\/index.php\/wp-json\/wp\/v2\/types\/page"}],"author":[{"embeddable":true,"href":"https:\/\/tuultimavoluntad.es\/index.php\/wp-json\/wp\/v2\/users\/1"}],"replies":[{"embeddable":true,"href":"https:\/\/tuultimavoluntad.es\/index.php\/wp-json\/wp\/v2\/comments?post=92"}],"version-history":[{"count":58,"href":"https:\/\/tuultimavoluntad.es\/index.php\/wp-json\/wp\/v2\/pages\/92\/revisions"}],"predecessor-version":[{"id":307,"href":"https:\/\/tuultimavoluntad.es\/index.php\/wp-json\/wp\/v2\/pages\/92\/revisions\/307"}],"wp:attachment":[{"href":"https:\/\/tuultimavoluntad.es\/index.php\/wp-json\/wp\/v2\/media?parent=92"}],"curies":[{"name":"wp","href":"https:\/\/api.w.org\/{rel}","templated":true}]}}